{"id":11596,"date":"2021-01-16T14:13:52","date_gmt":"2021-01-16T14:13:52","guid":{"rendered":"https:\/\/jomarket.store\/?post_type=product&#038;p=11596"},"modified":"2021-02-08T12:15:57","modified_gmt":"2021-02-08T12:15:57","slug":"batter-dispenser","status":"publish","type":"product","link":"https:\/\/jomarket.store\/en\/product\/batter-dispenser\/","title":{"rendered":"Freshpack Pro-QL"},"content":{"rendered":"","protected":false},"excerpt":{"rendered":"<p>Freshness Protect-Your food as the first day and taste of the Protect, frozen Burns and reduce the distortion. Food normal storage methods 10 times longer, food israf\u0131n\u0131 prevents and money saving. To buy groceries at the supermarket to save your time.<\/p>\n<p>Dry\/Wet Food Dual Mode-Two sealing method, which need to be closed by the type of food provides excellent protection. Dry food dry mode (for example, aged cheddar cheese, sausage etc.) And wet food wet mode (for example, fresh meat, fresh fish, etc.). (Note: Wet food mode multi water-containing food does Not mean, just wet means). For jewelry, important documents and photos to protect dry mode can also use.<\/p>\n<p>Easy to Use-5-8 second vacuum h\u0131z\u0131yla tek-touch vacuuming operation. Only for sealing process, vacuum cover on both sides of the 3 seconds, indicator from green to red ye\u015file returns to press. (Note: to achieve a full sealing cover for both hands bast\u0131rd\u0131\u011f\u0131n\u0131zdan make sure)<\/p>\n<p>Portable and Easy To Clean-Small size and easy to carry. Vacuum Machine, the surface of the refrigerator can be easy to hang in order to save space, magnetic absorption. Vacuum Machine sealing tape, can be removed for easy cleaning and can be changed.<\/p>\n","protected":false},"featured_media":11603,"comment_status":"open","ping_status":"closed","template":"","meta":{"jetpack_publicize_message":"","jetpack_is_tweetstorm":false,"jetpack_publicize_feature_enabled":true},"class_list":["post-11596","product","type-product","status-publish","has-post-thumbnail","hentry","product_cat-hot-products","product_cat-household-appliance"],"jetpack_publicize_connections":[],"_links":{"self":[{"href":"https:\/\/jomarket.store\/en\/wp-json\/wp\/v2\/product\/11596"}],"collection":[{"href":"https:\/\/jomarket.store\/en\/wp-json\/wp\/v2\/product"}],"about":[{"href":"https:\/\/jomarket.store\/en\/wp-json\/wp\/v2\/types\/product"}],"replies":[{"embeddable":true,"href":"https:\/\/jomarket.store\/en\/wp-json\/wp\/v2\/comments?post=11596"}],"wp:featuredmedia":[{"embeddable":true,"href":"https:\/\/jomarket.store\/en\/wp-json\/wp\/v2\/media\/11603"}],"wp:attachment":[{"href":"https:\/\/jomarket.store\/en\/wp-json\/wp\/v2\/media?parent=11596"}],"curies":[{"name":"wp","href":"https:\/\/api.w.org\/{rel}","templated":true}]}}