{"id":11596,"date":"2021-01-16T14:13:52","date_gmt":"2021-01-16T14:13:52","guid":{"rendered":"https:\/\/jomarket.store\/?post_type=product&#038;p=11596"},"modified":"2021-02-08T12:15:57","modified_gmt":"2021-02-08T12:15:57","slug":"batter-dispenser","status":"publish","type":"product","link":"https:\/\/jomarket.store\/ar\/product\/batter-dispenser\/","title":{"rendered":"\u062c\u0647\u0627\u0632 \u062a\u063a\u0644\u064a\u0641 \u0644\u0644\u0637\u0639\u0627\u0645"},"content":{"rendered":"","protected":false},"excerpt":{"rendered":"<p>Freshness Protect-Your food as the first day and taste of the Protect, frozen Burns and reduce the distortion. Food normal storage methods 10 times longer, food israf\u0131n\u0131 prevents and money saving. To buy groceries at the supermarket to save your time.<\/p>\n<p>\u0646\u0636\u0627\u0631\u0629  \u0648 \u062d\u0645\u0627\u064a\u0629 - \u0637\u0639\u0627\u0645\u0643 \u0643\u0623\u0648\u0644 \u064a\u0648\u0645  . 10 \u0645\u0631\u0627\u062a \u0623\u0637\u0648\u0644 \u0645\u0646 \u0637\u0631\u0642 \u062a\u062e\u0632\u064a\u0646 \u0627\u0644\u0637\u0639\u0627\u0645 \u0627\u0644\u0639\u0627\u062f\u064a\u0629 \u060c \u064a\u0648\u0641\u0631 \u0627\u0644\u0645\u0627\u0644. \u0644\u0634\u0631\u0627\u0621 \u0627\u0644\u0628\u0642\u0627\u0644\u0629 \u0645\u0646 \u0627\u0644\u0633\u0648\u0628\u0631 \u0645\u0627\u0631\u0643\u062a \u0644\u062a\u0648\u0641\u064a\u0631 \u0648\u0642\u062a\u0643. \u0648\u0636\u0639 \u0645\u0632\u062f\u0648\u062c \u0644\u0644\u0637\u0639\u0627\u0645 \u0627\u0644\u062c\u0627\u0641 \/ \u0627\u0644\u0631\u0637\u0628 - \u0637\u0631\u064a\u0642\u0629 \u0627\u0644\u062e\u062a\u0645 \u0627\u0644\u0645\u0632\u062f\u0648\u062c\u0629 \u0625\n\n\u0629. \u0648\u0636\u0639 \u062a\u062c\u0641\u064a\u0641 \u0627\u0644\u0637\u0639\u0627\u0645  (\u0639\u0644\u0649 \u0633\u0628\u064a\u0644 \u0627\u0644\u0645\u062b\u0627\u0644 \u060c \u062c\u0628\u0646 \u0634\u064a\u062f\u0631 \u060c \u0633\u062c\u0642 \u060c \u0625\u0644\u062e) \u0648\u0648\u0636\u0639 \u0631\u0637\u0628 \u0644\u0644\u0623\u0637\u0639\u0645\u0629 \u0627\u0644\u0631\u0637\u0628\u0629 (\u0639\u0644\u0649 \u0633\u0628\u064a\u0644 \u0627\u0644\u0645\u062b\u0627\u0644 \u060c \u0627\u0644\u0644\u062d\u0648\u0645 \u0627\u0644\u0637\u0627\u0632\u062c\u0629 \u0648\u0627\u0644\u0623\u0633\u0645\u0627\u0643 \u0627\u0644\u0637\u0627\u0632\u062c\u0629 \u060c \u0625\u0644\u062e).<\/p>\n<p>Easy to Use-5-8 second vacuum h\u0131z\u0131yla tek-touch vacuuming operation. Only for sealing process, vacuum cover on both sides of the 3 seconds, indicator from green to red ye\u015file returns to press. (Note: to achieve a full sealing cover for both hands bast\u0131rd\u0131\u011f\u0131n\u0131zdan make sure)<\/p>\n<p>Portable and Easy To Clean-Small size and easy to carry. Vacuum Machine, the surface of the refrigerator can be easy to hang in order to save space, magnetic absorption. Vacuum Machine sealing tape, can be removed for easy cleaning and can be changed.<\/p>","protected":false},"featured_media":11603,"comment_status":"open","ping_status":"closed","template":"","meta":{"jetpack_publicize_message":"","jetpack_is_tweetstorm":false,"jetpack_publicize_feature_enabled":true},"class_list":["post-11596","product","type-product","status-publish","has-post-thumbnail","hentry","product_cat-hot-products","product_cat-household-appliance"],"jetpack_publicize_connections":[],"_links":{"self":[{"href":"https:\/\/jomarket.store\/ar\/wp-json\/wp\/v2\/product\/11596"}],"collection":[{"href":"https:\/\/jomarket.store\/ar\/wp-json\/wp\/v2\/product"}],"about":[{"href":"https:\/\/jomarket.store\/ar\/wp-json\/wp\/v2\/types\/product"}],"replies":[{"embeddable":true,"href":"https:\/\/jomarket.store\/ar\/wp-json\/wp\/v2\/comments?post=11596"}],"wp:featuredmedia":[{"embeddable":true,"href":"https:\/\/jomarket.store\/ar\/wp-json\/wp\/v2\/media\/11603"}],"wp:attachment":[{"href":"https:\/\/jomarket.store\/ar\/wp-json\/wp\/v2\/media?parent=11596"}],"curies":[{"name":"wp","href":"https:\/\/api.w.org\/{rel}","templated":true}]}}